{"id":265401,"date":"2025-08-11T11:10:03","date_gmt":"2025-08-11T17:10:03","guid":{"rendered":"https:\/\/idealcostarica.com\/?page_id=265401"},"modified":"2025-08-16T13:33:42","modified_gmt":"2025-08-16T19:33:42","slug":"about","status":"publish","type":"page","link":"https:\/\/idealcostarica.com\/es\/about\/","title":{"rendered":"Nosotros"},"content":{"rendered":"<div class=\"wp-block-cover alignfull\" style=\"padding-top:0;padding-right:0;padding-bottom:0;padding-left:0;min-height:767px;aspect-ratio:unset;\"><img loading=\"lazy\" decoding=\"async\" width=\"1000\" height=\"750\" class=\"wp-block-cover__image-background wp-image-265003 size-full\" alt=\"\" src=\"https:\/\/idealcostarica.com\/wp-content\/uploads\/2025\/08\/apartamento-de-lujo-en-venta-en-condominio-zenna-escazu-luxury-apartment-for-sale-in-costa-rica-15-2.jpeg\" data-object-fit=\"cover\" srcset=\"https:\/\/idealcostarica.com\/wp-content\/uploads\/2025\/08\/apartamento-de-lujo-en-venta-en-condominio-zenna-escazu-luxury-apartment-for-sale-in-costa-rica-15-2.jpeg 1000w, https:\/\/idealcostarica.com\/wp-content\/uploads\/2025\/08\/apartamento-de-lujo-en-venta-en-condominio-zenna-escazu-luxury-apartment-for-sale-in-costa-rica-15-2-300x225.jpeg 300w, https:\/\/idealcostarica.com\/wp-content\/uploads\/2025\/08\/apartamento-de-lujo-en-venta-en-condominio-zenna-escazu-luxury-apartment-for-sale-in-costa-rica-15-2-768x576.jpeg 768w\" sizes=\"auto, (max-width: 1000px) 100vw, 1000px\" \/><span aria-hidden=\"true\" class=\"wp-block-cover__background has-ast-global-color-2-background-color has-background-dim-60 has-background-dim\"><\/span><div class=\"wp-block-cover__inner-container is-layout-constrained wp-container-core-cover-is-layout-c06d165c wp-block-cover-is-layout-constrained\">\n<h2 class=\"wp-block-heading has-text-align-center has-ast-global-color-0-color has-text-color has-link-color has-x-large-font-size wp-elements-35a455497735e32070e9498af47ae541\" style=\"padding-top:var(--wp--preset--spacing--50);padding-bottom:var(--wp--preset--spacing--50)\">Sus expertos inmobiliarios de confianza en Costa Rica<\/h2>\n\n\n\n<figure class=\"wp-block-image aligncenter size-full is-resized\" style=\"margin-top:0;margin-right:0;margin-bottom:0;margin-left:0\"><img loading=\"lazy\" decoding=\"async\" width=\"294\" height=\"104\" src=\"https:\/\/idealcostarica.com\/wp-content\/uploads\/2025\/08\/Logo_Ideal@2x-1.png\" alt=\"\" class=\"wp-image-265280\" style=\"width:192px;height:auto\" srcset=\"https:\/\/idealcostarica.com\/wp-content\/uploads\/2025\/08\/Logo_Ideal@2x-1.png 294w, https:\/\/idealcostarica.com\/wp-content\/uploads\/2025\/08\/Logo_Ideal@2x-1-18x6.png 18w, https:\/\/idealcostarica.com\/wp-content\/uploads\/2025\/08\/Logo_Ideal@2x-1-140x50.png 140w\" sizes=\"auto, (max-width: 294px) 100vw, 294px\" \/><\/figure>\n<\/div><\/div>\n\n\n\n<div class=\"wp-block-columns is-layout-flex wp-container-core-columns-is-layout-b827cd56 wp-block-columns-is-layout-flex\" style=\"margin-top:0;margin-bottom:0;padding-top:var(--wp--preset--spacing--70);padding-bottom:var(--wp--preset--spacing--70)\">\n<div class=\"wp-block-column is-layout-flow wp-block-column-is-layout-flow\">\n<h2 class=\"wp-block-heading\" style=\"margin-top:0;margin-right:0;margin-bottom:0;margin-left:0;padding-top:0;padding-right:0;padding-bottom:0;padding-left:0;line-height:0.2\">iDeal Costa Rica<\/h2>\n\n\n\n<h5 class=\"wp-block-heading\" style=\"padding-top:0;padding-right:0;padding-bottom:0;padding-left:0;line-height:1\">Real Estate<\/h5>\n\n\n\n<p style=\"padding-right:var(--wp--preset--spacing--50)\">En iDeal Costa Rica Real Estate, nos especializamos en ayudar a compradores y vendedores a conectarse a trav\u00e9s de un proceso fluido, transparente y profesional. Desde 2004, hemos trabajado en el mercado inmobiliario costarricense y hemos sido un socio de confianza para quienes buscan comprar, vender o invertir en propiedades en Costa Rica. <\/p>\n\n\n\n<p style=\"padding-right:var(--wp--preset--spacing--50)\">Nuestra misi\u00f3n es sencilla: ofrecer servicios inmobiliarios \u00e9ticos y eficaces con el m\u00e1ximo nivel de profesionalidad. Tanto si desea mudarse, invertir o buscar la casa de sus sue\u00f1os, nuestro equipo de agentes inmobiliarios con amplia experiencia en Costa Rica est\u00e1 a su disposici\u00f3n para guiarle en cada paso del camino.<\/p>\n<\/div>\n\n\n\n<div class=\"wp-block-column is-layout-flow wp-block-column-is-layout-flow\">\n<h4 class=\"wp-block-heading\" style=\"padding-top:var(--wp--preset--spacing--30);padding-bottom:var(--wp--preset--spacing--30)\"><strong>\u00bfPor qu\u00e9 elegir iDeal Costa Rica?<\/strong><\/h4>\n\n\n\n<ul class=\"wp-block-list\">\n<li>\ud83c\udfe1 \u00a1Experiencia local, est\u00e1ndares globales! Nuestro equipo biling\u00fce conoce tanto el mercado costarricense como las expectativas de los compradores internacionales. Desde casas de lujo en Escaz\u00fa y Santa Ana hasta propiedades en la playa en Herradura, ofrecemos una selecci\u00f3n cuidada de propiedades para satisfacer todos los estilos de vida.<\/li>\n\n\n\n<li>\ud83e\udd1d Transparencia e integridad El sector inmobiliario en Costa Rica puede ser complejo. Nosotros lo simplificamos. Con una comunicaci\u00f3n clara y un asesoramiento honesto, trabajamos duro para proteger sus intereses en cada transacci\u00f3n.<\/li>\n\n\n\n<li>\ud83d\udcca Estrategia orientada a resultados Ya sea que est\u00e9 comprando una casa de vacaciones, trasladando a su familia o buscando propiedades de inversi\u00f3n en Costa Rica, nuestro enfoque es personalizado, respaldado por datos y dise\u00f1ado en funci\u00f3n de sus objetivos.<\/li>\n\n\n\n<li>\ud83d\udc69\u200d\ud83d\udcbc Profesionales dedicados Nuestros agentes aportan una dedicaci\u00f3n sin igual y un profundo conocimiento de las leyes inmobiliarias, los barrios y las tendencias del mercado de Costa Rica.<\/li>\n\n\n\n<li>\ud83c\udf10 Plataforma integral en l\u00ednea En nuestro sitio web, encontrar\u00e1 listados actualizados de propiedades en venta en Costa Rica, blogs inmobiliarios, gu\u00edas para compradores y herramientas que le ayudar\u00e1n a tomar decisiones informadas. Su propiedad ideal, de la manera ideal. En iDeal Costa Rica, no solo vendemos propiedades, sino que le ayudamos a encontrar el estilo de vida adecuado, la ubicaci\u00f3n adecuada y la oferta adecuada. Desde el Valle Central hasta la costa del Pac\u00edfico, estamos aqu\u00ed para hacer que la compra de una propiedad inmobiliaria en Costa Rica sea una experiencia segura y agradable.<\/li>\n<\/ul>\n<\/div>\n<\/div>","protected":false},"excerpt":{"rendered":"<p>iDeal Costa Rica Real Estate At iDeal Costa Rica Real Estate, we specialize in helping buyers and sellers connect through [&hellip;]<\/p>\n","protected":false},"author":1,"featured_media":0,"parent":0,"menu_order":0,"comment_status":"closed","ping_status":"closed","template":"","meta":{"_acf_changed":false,"site-sidebar-layout":"default","site-content-layout":"","ast-site-content-layout":"default","site-content-style":"default","site-sidebar-style":"default","ast-global-header-display":"","ast-banner-title-visibility":"","ast-main-header-display":"","ast-hfb-above-header-display":"","ast-hfb-below-header-display":"","ast-hfb-mobile-header-display":"","site-post-title":"disabled","ast-breadcrumbs-content":"","ast-featured-img":"","footer-sml-layout":"","ast-disable-related-posts":"","theme-transparent-header-meta":"","adv-header-id-meta":"","stick-header-meta":"","header-above-stick-meta":"","header-main-stick-meta":"","header-below-stick-meta":"","astra-migrate-meta-layouts":"default","ast-page-background-enabled":"default","ast-page-background-meta":{"desktop":{"background-color":"var(--ast-global-color-5)","background-image":"","background-repeat":"repeat","background-position":"center center","background-size":"auto","background-attachment":"scroll","background-type":"","background-media":"","overlay-type":"","overlay-color":"","overlay-opacity":"","overlay-gradient":""},"tablet":{"background-color":"","background-image":"","background-repeat":"repeat","background-position":"center center","background-size":"auto","background-attachment":"scroll","background-type":"","background-media":"","overlay-type":"","overlay-color":"","overlay-opacity":"","overlay-gradient":""},"mobile":{"background-color":"","background-image":"","background-repeat":"repeat","background-position":"center center","background-size":"auto","background-attachment":"scroll","background-type":"","background-media":"","overlay-type":"","overlay-color":"","overlay-opacity":"","overlay-gradient":""}},"ast-content-background-meta":{"desktop":{"background-color":"var(--ast-global-color-4)","background-image":"","background-repeat":"repeat","background-position":"center center","background-size":"auto","background-attachment":"scroll","background-type":"","background-media":"","overlay-type":"","overlay-color":"","overlay-opacity":"","overlay-gradient":""},"tablet":{"background-color":"var(--ast-global-color-4)","background-image":"","background-repeat":"repeat","background-position":"center center","background-size":"auto","background-attachment":"scroll","background-type":"","background-media":"","overlay-type":"","overlay-color":"","overlay-opacity":"","overlay-gradient":""},"mobile":{"background-color":"var(--ast-global-color-4)","background-image":"","background-repeat":"repeat","background-position":"center center","background-size":"auto","background-attachment":"scroll","background-type":"","background-media":"","overlay-type":"","overlay-color":"","overlay-opacity":"","overlay-gradient":""}},"footnotes":""},"class_list":["post-265401","page","type-page","status-publish","hentry"],"acf":[],"yoast_head":"<!-- This site is optimized with the Yoast SEO plugin v27.4 - https:\/\/yoast.com\/product\/yoast-seo-wordpress\/ -->\n<title>About Us | iDeal Costa Rica<\/title>\n<meta name=\"robots\" content=\"index, follow, max-snippet:-1, max-image-preview:large, max-video-preview:-1\" \/>\n<link rel=\"canonical\" href=\"https:\/\/idealcostarica.com\/es\/about\/\" \/>\n<meta property=\"og:locale\" content=\"es_ES\" \/>\n<meta property=\"og:type\" content=\"article\" \/>\n<meta property=\"og:title\" content=\"About Us | iDeal Costa Rica\" \/>\n<meta property=\"og:description\" content=\"iDeal Costa Rica Real Estate At iDeal Costa Rica Real Estate, we specialize in helping buyers and sellers connect through [&hellip;]\" \/>\n<meta property=\"og:url\" content=\"https:\/\/idealcostarica.com\/es\/about\/\" \/>\n<meta property=\"og:site_name\" content=\"iDeal Costa Rica\" \/>\n<meta property=\"article:modified_time\" content=\"2025-08-16T19:33:42+00:00\" \/>\n<meta property=\"og:image\" content=\"https:\/\/idealcostarica.com\/wp-content\/uploads\/2025\/08\/apartamento-de-lujo-en-venta-en-condominio-zenna-escazu-luxury-apartment-for-sale-in-costa-rica-15-2.jpeg\" \/>\n<meta name=\"twitter:card\" content=\"summary_large_image\" \/>\n<meta name=\"twitter:label1\" content=\"Est. reading time\" \/>\n\t<meta name=\"twitter:data1\" content=\"2 minutos\" \/>\n<script type=\"application\/ld+json\" class=\"yoast-schema-graph\">{\"@context\":\"https:\\\/\\\/schema.org\",\"@graph\":[{\"@type\":\"WebPage\",\"@id\":\"https:\\\/\\\/idealcostarica.com\\\/about\\\/\",\"url\":\"https:\\\/\\\/idealcostarica.com\\\/about\\\/\",\"name\":\"About Us | iDeal Costa Rica\",\"isPartOf\":{\"@id\":\"https:\\\/\\\/idealcostarica.com\\\/#website\"},\"primaryImageOfPage\":{\"@id\":\"https:\\\/\\\/idealcostarica.com\\\/about\\\/#primaryimage\"},\"image\":{\"@id\":\"https:\\\/\\\/idealcostarica.com\\\/about\\\/#primaryimage\"},\"thumbnailUrl\":\"https:\\\/\\\/idealcostarica.com\\\/wp-content\\\/uploads\\\/2025\\\/08\\\/apartamento-de-lujo-en-venta-en-condominio-zenna-escazu-luxury-apartment-for-sale-in-costa-rica-15-2.jpeg\",\"datePublished\":\"2025-08-11T17:10:03+00:00\",\"dateModified\":\"2025-08-16T19:33:42+00:00\",\"breadcrumb\":{\"@id\":\"https:\\\/\\\/idealcostarica.com\\\/about\\\/#breadcrumb\"},\"inLanguage\":\"es-CR\",\"potentialAction\":[{\"@type\":\"ReadAction\",\"target\":[\"https:\\\/\\\/idealcostarica.com\\\/about\\\/\"]}]},{\"@type\":\"ImageObject\",\"inLanguage\":\"es-CR\",\"@id\":\"https:\\\/\\\/idealcostarica.com\\\/about\\\/#primaryimage\",\"url\":\"https:\\\/\\\/idealcostarica.com\\\/wp-content\\\/uploads\\\/2025\\\/08\\\/apartamento-de-lujo-en-venta-en-condominio-zenna-escazu-luxury-apartment-for-sale-in-costa-rica-15-2.jpeg\",\"contentUrl\":\"https:\\\/\\\/idealcostarica.com\\\/wp-content\\\/uploads\\\/2025\\\/08\\\/apartamento-de-lujo-en-venta-en-condominio-zenna-escazu-luxury-apartment-for-sale-in-costa-rica-15-2.jpeg\"},{\"@type\":\"BreadcrumbList\",\"@id\":\"https:\\\/\\\/idealcostarica.com\\\/about\\\/#breadcrumb\",\"itemListElement\":[{\"@type\":\"ListItem\",\"position\":1,\"name\":\"Home\",\"item\":\"https:\\\/\\\/idealcostarica.com\\\/\"},{\"@type\":\"ListItem\",\"position\":2,\"name\":\"About Us\"}]},{\"@type\":\"WebSite\",\"@id\":\"https:\\\/\\\/idealcostarica.com\\\/#website\",\"url\":\"https:\\\/\\\/idealcostarica.com\\\/\",\"name\":\"iDeal Costa Rica\",\"description\":\"Real Estate\",\"publisher\":{\"@id\":\"https:\\\/\\\/idealcostarica.com\\\/#organization\"},\"potentialAction\":[{\"@type\":\"SearchAction\",\"target\":{\"@type\":\"EntryPoint\",\"urlTemplate\":\"https:\\\/\\\/idealcostarica.com\\\/?s={search_term_string}\"},\"query-input\":{\"@type\":\"PropertyValueSpecification\",\"valueRequired\":true,\"valueName\":\"search_term_string\"}}],\"inLanguage\":\"es-CR\"},{\"@type\":\"Organization\",\"@id\":\"https:\\\/\\\/idealcostarica.com\\\/#organization\",\"name\":\"iDeal Costa Rica\",\"url\":\"https:\\\/\\\/idealcostarica.com\\\/\",\"logo\":{\"@type\":\"ImageObject\",\"inLanguage\":\"es-CR\",\"@id\":\"https:\\\/\\\/idealcostarica.com\\\/#\\\/schema\\\/logo\\\/image\\\/\",\"url\":\"https:\\\/\\\/idealcostarica.com\\\/wp-content\\\/uploads\\\/2025\\\/08\\\/Logo_Ideal@2x-1.png\",\"contentUrl\":\"https:\\\/\\\/idealcostarica.com\\\/wp-content\\\/uploads\\\/2025\\\/08\\\/Logo_Ideal@2x-1.png\",\"width\":294,\"height\":104,\"caption\":\"iDeal Costa Rica\"},\"image\":{\"@id\":\"https:\\\/\\\/idealcostarica.com\\\/#\\\/schema\\\/logo\\\/image\\\/\"}}]}<\/script>\n<!-- \/ Yoast SEO plugin. -->","yoast_head_json":{"title":"About Us | iDeal Costa Rica","robots":{"index":"index","follow":"follow","max-snippet":"max-snippet:-1","max-image-preview":"max-image-preview:large","max-video-preview":"max-video-preview:-1"},"canonical":"https:\/\/idealcostarica.com\/es\/about\/","og_locale":"es_ES","og_type":"article","og_title":"About Us | iDeal Costa Rica","og_description":"iDeal Costa Rica Real Estate At iDeal Costa Rica Real Estate, we specialize in helping buyers and sellers connect through [&hellip;]","og_url":"https:\/\/idealcostarica.com\/es\/about\/","og_site_name":"iDeal Costa Rica","article_modified_time":"2025-08-16T19:33:42+00:00","og_image":[{"url":"https:\/\/idealcostarica.com\/wp-content\/uploads\/2025\/08\/apartamento-de-lujo-en-venta-en-condominio-zenna-escazu-luxury-apartment-for-sale-in-costa-rica-15-2.jpeg","type":"","width":"","height":""}],"twitter_card":"summary_large_image","twitter_misc":{"Est. reading time":"2 minutos"},"schema":{"@context":"https:\/\/schema.org","@graph":[{"@type":"WebPage","@id":"https:\/\/idealcostarica.com\/about\/","url":"https:\/\/idealcostarica.com\/about\/","name":"About Us | iDeal Costa Rica","isPartOf":{"@id":"https:\/\/idealcostarica.com\/#website"},"primaryImageOfPage":{"@id":"https:\/\/idealcostarica.com\/about\/#primaryimage"},"image":{"@id":"https:\/\/idealcostarica.com\/about\/#primaryimage"},"thumbnailUrl":"https:\/\/idealcostarica.com\/wp-content\/uploads\/2025\/08\/apartamento-de-lujo-en-venta-en-condominio-zenna-escazu-luxury-apartment-for-sale-in-costa-rica-15-2.jpeg","datePublished":"2025-08-11T17:10:03+00:00","dateModified":"2025-08-16T19:33:42+00:00","breadcrumb":{"@id":"https:\/\/idealcostarica.com\/about\/#breadcrumb"},"inLanguage":"es-CR","potentialAction":[{"@type":"ReadAction","target":["https:\/\/idealcostarica.com\/about\/"]}]},{"@type":"ImageObject","inLanguage":"es-CR","@id":"https:\/\/idealcostarica.com\/about\/#primaryimage","url":"https:\/\/idealcostarica.com\/wp-content\/uploads\/2025\/08\/apartamento-de-lujo-en-venta-en-condominio-zenna-escazu-luxury-apartment-for-sale-in-costa-rica-15-2.jpeg","contentUrl":"https:\/\/idealcostarica.com\/wp-content\/uploads\/2025\/08\/apartamento-de-lujo-en-venta-en-condominio-zenna-escazu-luxury-apartment-for-sale-in-costa-rica-15-2.jpeg"},{"@type":"BreadcrumbList","@id":"https:\/\/idealcostarica.com\/about\/#breadcrumb","itemListElement":[{"@type":"ListItem","position":1,"name":"Home","item":"https:\/\/idealcostarica.com\/"},{"@type":"ListItem","position":2,"name":"About Us"}]},{"@type":"WebSite","@id":"https:\/\/idealcostarica.com\/#website","url":"https:\/\/idealcostarica.com\/","name":"iDeal Costa Rica","description":"Real Estate","publisher":{"@id":"https:\/\/idealcostarica.com\/#organization"},"potentialAction":[{"@type":"SearchAction","target":{"@type":"EntryPoint","urlTemplate":"https:\/\/idealcostarica.com\/?s={search_term_string}"},"query-input":{"@type":"PropertyValueSpecification","valueRequired":true,"valueName":"search_term_string"}}],"inLanguage":"es-CR"},{"@type":"Organization","@id":"https:\/\/idealcostarica.com\/#organization","name":"iDeal Costa Rica","url":"https:\/\/idealcostarica.com\/","logo":{"@type":"ImageObject","inLanguage":"es-CR","@id":"https:\/\/idealcostarica.com\/#\/schema\/logo\/image\/","url":"https:\/\/idealcostarica.com\/wp-content\/uploads\/2025\/08\/Logo_Ideal@2x-1.png","contentUrl":"https:\/\/idealcostarica.com\/wp-content\/uploads\/2025\/08\/Logo_Ideal@2x-1.png","width":294,"height":104,"caption":"iDeal Costa Rica"},"image":{"@id":"https:\/\/idealcostarica.com\/#\/schema\/logo\/image\/"}}]}},"_links":{"self":[{"href":"https:\/\/idealcostarica.com\/es\/wp-json\/wp\/v2\/pages\/265401","targetHints":{"allow":["GET"]}}],"collection":[{"href":"https:\/\/idealcostarica.com\/es\/wp-json\/wp\/v2\/pages"}],"about":[{"href":"https:\/\/idealcostarica.com\/es\/wp-json\/wp\/v2\/types\/page"}],"author":[{"embeddable":true,"href":"https:\/\/idealcostarica.com\/es\/wp-json\/wp\/v2\/users\/1"}],"replies":[{"embeddable":true,"href":"https:\/\/idealcostarica.com\/es\/wp-json\/wp\/v2\/comments?post=265401"}],"version-history":[{"count":15,"href":"https:\/\/idealcostarica.com\/es\/wp-json\/wp\/v2\/pages\/265401\/revisions"}],"predecessor-version":[{"id":265551,"href":"https:\/\/idealcostarica.com\/es\/wp-json\/wp\/v2\/pages\/265401\/revisions\/265551"}],"wp:attachment":[{"href":"https:\/\/idealcostarica.com\/es\/wp-json\/wp\/v2\/media?parent=265401"}],"curies":[{"name":"wp","href":"https:\/\/api.w.org\/{rel}","templated":true}]}}